{"id":89,"date":"2020-11-25T05:24:09","date_gmt":"2020-11-25T04:24:09","guid":{"rendered":"http:\/\/netblue.pl\/?page_id=89"},"modified":"2022-07-11T16:34:48","modified_gmt":"2022-07-11T14:34:48","slug":"zasieg-sieci","status":"publish","type":"page","link":"https:\/\/netblue.pl\/?page_id=89","title":{"rendered":"Zasi\u0119g sieci"},"content":{"rendered":"<p>Prosz\u0119 wybra\u0107 interesuj\u0105cy Ci\u0119 powiat:<\/p>\n<p><a href=\"https:\/\/www.google.com\/maps\/d\/u\/1\/edit?mid=1izsWuGU0IhoAiRWLpf3sysmO5QRzLQk\" rel=\"noopener\" target=\"_blank\">\u0142aski,<\/a><br \/>\n<a href=\"https:\/\/www.google.com\/maps\/d\/u\/1\/edit?mid=1rCYvhABKWNaRR2sEw9pDSRvGDk3wK40\" rel=\"noopener\" target=\"_blank\">paj\u0119cza\u0144ski,<\/a><br \/>\n<a href=\"https:\/\/www.google.com\/maps\/d\/u\/1\/edit?mid=16hhIscaIh6Xf5QWbOgXUQbaLIddFLDg\" rel=\"noopener\" target=\"_blank\">podd\u0119bicki,<\/a><br \/>\n<a href=\"https:\/\/www.google.com\/maps\/d\/u\/1\/edit?mid=1d6srxO3ui4j97Otxt38uzZQMSqkC2fE\" rel=\"noopener\" target=\"_blank\">sieradzki,<\/a><br \/>\n<a href=\"https:\/\/www.google.com\/maps\/d\/u\/1\/edit?mid=112Y5_y_dsf4dLr2tZZ6L4fM9M6tjk-k\" rel=\"noopener\" target=\"_blank\">wielu\u0144ski,<\/a><br \/>\n<a href=\"https:\/\/www.google.com\/maps\/d\/u\/1\/edit?mid=1vt8pwwt88jCO-V2uutYEH-dFd-4qOQg\" rel=\"noopener\" target=\"_blank\">wieruszowski,<\/a><br \/>\n<a href=\"https:\/\/www.google.com\/maps\/d\/u\/1\/edit?mid=1941myg3eDmgH3YnYccFvXmMtkkNivOA\" rel=\"noopener\" target=\"_blank\">zdu\u0144skowolski.<\/a><\/p>\n","protected":false},"excerpt":{"rendered":"<p>Prosz\u0119 wybra\u0107 interesuj\u0105cy Ci\u0119 powiat: \u0142aski, paj\u0119cza\u0144ski, podd\u0119bicki, sieradzki, wielu\u0144ski, wieruszowski, zdu\u0144skowolski.<\/p>\n","protected":false},"author":1,"featured_media":0,"parent":0,"menu_order":0,"comment_status":"closed","ping_status":"closed","template":"template-parts\/template-full-width.php","meta":{"footnotes":""},"class_list":["post-89","page","type-page","status-publish","hentry"],"_links":{"self":[{"href":"https:\/\/netblue.pl\/index.php?rest_route=\/wp\/v2\/pages\/89","targetHints":{"allow":["GET"]}}],"collection":[{"href":"https:\/\/netblue.pl\/index.php?rest_route=\/wp\/v2\/pages"}],"about":[{"href":"https:\/\/netblue.pl\/index.php?rest_route=\/wp\/v2\/types\/page"}],"author":[{"embeddable":true,"href":"https:\/\/netblue.pl\/index.php?rest_route=\/wp\/v2\/users\/1"}],"replies":[{"embeddable":true,"href":"https:\/\/netblue.pl\/index.php?rest_route=%2Fwp%2Fv2%2Fcomments&post=89"}],"version-history":[{"count":19,"href":"https:\/\/netblue.pl\/index.php?rest_route=\/wp\/v2\/pages\/89\/revisions"}],"predecessor-version":[{"id":241,"href":"https:\/\/netblue.pl\/index.php?rest_route=\/wp\/v2\/pages\/89\/revisions\/241"}],"wp:attachment":[{"href":"https:\/\/netblue.pl\/index.php?rest_route=%2Fwp%2Fv2%2Fmedia&parent=89"}],"curies":[{"name":"wp","href":"https:\/\/api.w.org\/{rel}","templated":true}]}}