{"id":534,"date":"2024-10-10T14:00:11","date_gmt":"2024-10-10T12:00:11","guid":{"rendered":"https:\/\/netblue.pl\/?page_id=534"},"modified":"2024-10-10T14:11:57","modified_gmt":"2024-10-10T12:11:57","slug":"dokumenty-pke","status":"publish","type":"page","link":"https:\/\/netblue.pl\/?page_id=534","title":{"rendered":"Dokumenty PKE"},"content":{"rendered":"<p>Dokumenty (trwa\u0142y no\u015bnik).<\/p>\n<p>Na tej stronie znajdziesz dokumenty dla NetBlue i A.R. Remedium w postaci plik\u00f3w pdf, kt\u00f3re umie\u015bcili\u015bmy na trwa\u0142ym no\u015bniku.<\/p>\n<p><a href=\"https:\/\/netblue.pl\/wp-content\/uploads\/2024\/10\/Informacja-dla-Abonentow.pdf\">NetBlue Kowalczyk Sp. J.<\/a><\/p>\n<p><a href=\"https:\/\/netblue.pl\/wp-content\/uploads\/2024\/10\/Informacja-dla-Abonentow-AR.pdf\">A.R. Remedium<\/a><\/p>\n","protected":false},"excerpt":{"rendered":"<p>Dokumenty (trwa\u0142y no\u015bnik). Na tej stronie znajdziesz dokumenty dla NetBlue i A.R. Remedium w postaci plik\u00f3w pdf, kt\u00f3re umie\u015bcili\u015bmy na trwa\u0142ym no\u015bniku. NetBlue Kowalczyk Sp. J. A.R. Remedium<\/p>\n","protected":false},"author":2,"featured_media":0,"parent":0,"menu_order":0,"comment_status":"closed","ping_status":"closed","template":"","meta":{"footnotes":""},"class_list":["post-534","page","type-page","status-publish","hentry"],"_links":{"self":[{"href":"https:\/\/netblue.pl\/index.php?rest_route=\/wp\/v2\/pages\/534","targetHints":{"allow":["GET"]}}],"collection":[{"href":"https:\/\/netblue.pl\/index.php?rest_route=\/wp\/v2\/pages"}],"about":[{"href":"https:\/\/netblue.pl\/index.php?rest_route=\/wp\/v2\/types\/page"}],"author":[{"embeddable":true,"href":"https:\/\/netblue.pl\/index.php?rest_route=\/wp\/v2\/users\/2"}],"replies":[{"embeddable":true,"href":"https:\/\/netblue.pl\/index.php?rest_route=%2Fwp%2Fv2%2Fcomments&post=534"}],"version-history":[{"count":5,"href":"https:\/\/netblue.pl\/index.php?rest_route=\/wp\/v2\/pages\/534\/revisions"}],"predecessor-version":[{"id":546,"href":"https:\/\/netblue.pl\/index.php?rest_route=\/wp\/v2\/pages\/534\/revisions\/546"}],"wp:attachment":[{"href":"https:\/\/netblue.pl\/index.php?rest_route=%2Fwp%2Fv2%2Fmedia&parent=534"}],"curies":[{"name":"wp","href":"https:\/\/api.w.org\/{rel}","templated":true}]}}