{"id":27,"date":"2020-11-22T19:42:24","date_gmt":"2020-11-22T18:42:24","guid":{"rendered":"http:\/\/netblue.pl\/?page_id=27"},"modified":"2025-10-05T12:03:57","modified_gmt":"2025-10-05T10:03:57","slug":"internet-lte","status":"publish","type":"page","link":"https:\/\/netblue.pl\/?page_id=27","title":{"rendered":"Internet LTE"},"content":{"rendered":"<p>Zapewnia po\u0142\u0105czenie z sieci\u0105 nawet w miejscach, do kt\u00f3rych nie spos\u00f3b doprowadzi\u0107 kabli.<\/p>\n<p><!--more--><\/p>\n<h2>Cennik &#8211; \u0142\u0105cza LTE<\/h2>\n<div><\/div>\n<div class=\"entry-content\">\n<table class=\"tg\">\n<tbody>\n<tr>\n<th class=\"tg-oksl\">Pakiet<\/th>\n<th class=\"tg-oksl\">Ilo\u015b\u0107 GB<\/th>\n<th class=\"tg-oksl\">Aktywacja us\u0142ugi<\/th>\n<th class=\"tg-oksl\">Abonament miesi\u0119czny<\/th>\n<\/tr>\n<tr>\n<td class=\"tg-s6z2\">DATA_25<\/td>\n<td class=\"tg-s6z2\">25GB*<\/td>\n<td class=\"tg-s6z2\">20,00<\/td>\n<td class=\"tg-s6z2\">26,00<\/td>\n<\/tr>\n<tr>\n<td class=\"tg-oksl\">DATA_50<\/td>\n<td class=\"tg-oksl\">50GB*<\/td>\n<td class=\"tg-oksl\">20,00<\/td>\n<td class=\"tg-oksl\">39,00<\/td>\n<\/tr>\n<tr>\n<td class=\"tg-s6z2\">DATA_100<\/td>\n<td class=\"tg-s6z2\">100GB*<\/td>\n<td class=\"tg-s6z2\">20,00<\/td>\n<td class=\"tg-s6z2\">48,00<\/td>\n<\/tr>\n<tr>\n<td class=\"tg-4ljg\">DATA_200<\/td>\n<td class=\"tg-4ljg\">200GB*<\/td>\n<td class=\"tg-4ljg\">20,00<\/td>\n<td class=\"tg-4ljg\">59,00<\/td>\n<\/tr>\n<tr>\n<td class=\"tg-4ljg\">DATA_300<\/td>\n<td class=\"tg-4ljg\">300GB*<\/td>\n<td class=\"tg-4ljg\">20,00<\/td>\n<td class=\"tg-4ljg\">66,00<\/td>\n<\/tr>\n<tr>\n<td class=\"tg-4ljg\">DATA_500<\/td>\n<td class=\"tg-4ljg\">500GB*<\/td>\n<td class=\"tg-4ljg\">20,00<\/td>\n<td class=\"tg-4ljg\">81,00<\/td>\n<\/tr>\n<tr>\n<td class=\"tg-4ljg\">DATA_1000<\/td>\n<td class=\"tg-4ljg\">1000GB*<\/td>\n<td class=\"tg-4ljg\">20,00<\/td>\n<td class=\"tg-4ljg\">106,00<\/td>\n<\/tr>\n<tr>\n<td class=\"tg-baqh\" colspan=\"4\">\n* Po przekroczeniu GB w abonamencie pr\u0119dko\u015b\u0107 Internetu zostanie zmniejszona do 2Mb\/s ale bez limitu danych.<BR><br \/>\nUmowa na 24 miesi\u0105ce.<\/td>\n<\/tr>\n<\/tbody>\n<\/table>\n<\/div>\n","protected":false},"excerpt":{"rendered":"<p>Zapewnia po\u0142\u0105czenie z sieci\u0105 nawet w miejscach, do kt\u00f3rych nie spos\u00f3b doprowadzi\u0107 kabli.<\/p>\n","protected":false},"author":1,"featured_media":0,"parent":17,"menu_order":0,"comment_status":"closed","ping_status":"closed","template":"","meta":{"footnotes":""},"class_list":["post-27","page","type-page","status-publish","hentry"],"_links":{"self":[{"href":"https:\/\/netblue.pl\/index.php?rest_route=\/wp\/v2\/pages\/27","targetHints":{"allow":["GET"]}}],"collection":[{"href":"https:\/\/netblue.pl\/index.php?rest_route=\/wp\/v2\/pages"}],"about":[{"href":"https:\/\/netblue.pl\/index.php?rest_route=\/wp\/v2\/types\/page"}],"author":[{"embeddable":true,"href":"https:\/\/netblue.pl\/index.php?rest_route=\/wp\/v2\/users\/1"}],"replies":[{"embeddable":true,"href":"https:\/\/netblue.pl\/index.php?rest_route=%2Fwp%2Fv2%2Fcomments&post=27"}],"version-history":[{"count":17,"href":"https:\/\/netblue.pl\/index.php?rest_route=\/wp\/v2\/pages\/27\/revisions"}],"predecessor-version":[{"id":554,"href":"https:\/\/netblue.pl\/index.php?rest_route=\/wp\/v2\/pages\/27\/revisions\/554"}],"up":[{"embeddable":true,"href":"https:\/\/netblue.pl\/index.php?rest_route=\/wp\/v2\/pages\/17"}],"wp:attachment":[{"href":"https:\/\/netblue.pl\/index.php?rest_route=%2Fwp%2Fv2%2Fmedia&parent=27"}],"curies":[{"name":"wp","href":"https:\/\/api.w.org\/{rel}","templated":true}]}}