{"id":25,"date":"2020-11-22T19:41:37","date_gmt":"2020-11-22T18:41:37","guid":{"rendered":"http:\/\/netblue.pl\/?page_id=25"},"modified":"2025-03-27T10:05:07","modified_gmt":"2025-03-27T09:05:07","slug":"telewizja-iptv","status":"publish","type":"page","link":"https:\/\/netblue.pl\/?page_id=25","title":{"rendered":"Pakiety Internet i TV"},"content":{"rendered":"<p><strong>Ponad 230 kana\u0142\u00f3w na kilku ekranach jednocze\u015bnie, krystaliczna jako\u015b\u0107 obrazu.<\/strong><\/p>\n<p><!--more--><\/p>\n<h2 class=\"entry-title\">Cennik &#8211; Internet i telewizja<\/h2>\n<div class=\"entry-content\">\n<table class=\"tg\">\n<thead>\n<tr>\n<th class=\"tg-9wq8\">Pakiet<\/th>\n<th class=\"tg-9wq8\">Ilo\u015b\u0107 kana\u0142\u00f3w (lista)<\/th>\n<th class=\"tg-9wq8\">Aktywacja us\u0142ugi<\/th>\n<th class=\"tg-9wq8\">Abonament miesi\u0119czny<\/th>\n<\/tr>\n<\/thead>\n<tbody>\n<tr>\n<td class=\"tg-9wq8\">300Mb\/s  oraz Na Start Plus HD<br \/>600Mb\/s  oraz Na Start Plus HD<br \/>1000Mb\/s  oraz Na Start Plus HD<\/td>\n<td class=\"tg-9wq8\"><a href=\"https:\/\/www.jambox.pl\/pakiety-na-start\" target=\"_blank\" rel=\"noopener noreferrer\">77 w tym 52HD<\/a><\/td>\n<td class=\"tg-9wq8\">0,00z\u0142<\/td>\n<td class=\"tg-9wq8\">79,00z\u0142<br \/>89,00z\u0142<br \/>109,00z\u0142<\/td>\n<\/tr>\n<tr>\n<td class=\"tg-9wq8\">300Mb\/s oraz SMART<br \/>600Mb\/s oraz SMART<br \/>1000Mb\/s oraz SMART<\/td>\n<td class=\"tg-9wq8\"><a href=\"https:\/\/www.jambox.pl\/pakiety-podstawowe-evio\" target=\"_blank\" rel=\"noopener noreferrer\">125 w tym 102HD<\/a><\/td>\n<td class=\"tg-9wq8\">0,00z\u0142<\/td>\n<td class=\"tg-9wq8\">121,90z\u0142<br \/>131,90z\u0142<br \/>151,90z\u0142<\/td>\n<\/tr>\n<tr>\n<td class=\"tg-9wq8\">300Mb\/s oraz OPTIMUM<br \/>600Mb\/s oraz OPTIMUM<br \/>1000Mb\/s oraz OPTIMUM<\/td>\n<td class=\"tg-9wq8\"><a href=\"https:\/\/www.jambox.pl\/pakiety-podstawowe-evio\" target=\"_blank\" rel=\"noopener noreferrer\">169 w tym 135HD<\/a><\/td>\n<td class=\"tg-9wq8\">0,00z\u0142<\/td>\n<td class=\"tg-9wq8\">136,90z\u0142<br \/>146,90z\u0142<br \/>166,90z\u0142<\/td>\n<\/tr>\n<tr>\n<td class=\"tg-c3ow\">300Mb\/s oraz PLATINUM<br \/>600Mb\/s oraz PLATINUM<br \/>1000Mb\/s oraz PLATINUM<\/td>\n<td class=\"tg-c3ow\"><a href=\"https:\/\/www.jambox.pl\/pakiety-podstawowe-evio\" target=\"_blank\" rel=\"noopener noreferrer\">205 w tym 163HD<\/a><\/td>\n<td class=\"tg-c3ow\">0,00z\u0142<\/td>\n<td class=\"tg-c3ow\">166,90z\u0142<br \/>176,90z\u0142<br \/>196,90z\u0142<\/td>\n<\/tr>\n<tr>\n<td class=\"tg-c3ow\" colspan=\"4\">\nUmowa na 24mc, Router WiFi AC1300 2,4\/5GHz oraz <a href=\"https:\/\/netblue.pl\/wp-content\/uploads\/2024\/05\/Specyfikacja-tehcniczna-dekodera-ebox-z123.pdf\" rel=\"noopener\" target=\"_blank\">STB (dekoder)<\/a> w cenie abonamentu.<br \/>\nMo\u017cliwo\u015b\u0107 ogl\u0105dania na dodatkowy telewizorze (multiroom) +15z\u0142 miesi\u0119cznie, dost\u0119pny od pakietu SMART.<br \/>\nCennik obowi\u0105zuje od 2024-07-01.<\/td>\n<\/tr>\n<tr>\n<td class=\"tg-0pky\" colspan=\"4\">Dost\u0119pne pakiety premium:<\/p>\n<p>\u2013 <a target=\"_blank\" rel=\"noopener\">HBO<\/a> (3 kana\u0142y HD, dost\u0119pny od pakietu OPTIMUM) 29,90z\u0142<br \/>\n\u2013 <a target=\"_blank\" rel=\"noopener\">Canal+ Prestige<\/a> (11 kana\u0142\u00f3w HD, dost\u0119pny od pakietu SMART) 49,90z\u0142<br \/>\n\u2013 <a target=\"_blank\" rel=\"noopener\">Cinemax<\/a> (2 kana\u0142y HD, dost\u0119pny od pakietu OPTIMUM) 14,90z\u0142<\/td>\n<\/tr>\n<\/tbody>\n<\/table>\n<\/div>\n","protected":false},"excerpt":{"rendered":"<p>Ponad 230 kana\u0142\u00f3w na kilku ekranach jednocze\u015bnie, krystaliczna jako\u015b\u0107 obrazu.<\/p>\n","protected":false},"author":1,"featured_media":0,"parent":17,"menu_order":0,"comment_status":"closed","ping_status":"closed","template":"","meta":{"footnotes":""},"class_list":["post-25","page","type-page","status-publish","hentry"],"_links":{"self":[{"href":"https:\/\/netblue.pl\/index.php?rest_route=\/wp\/v2\/pages\/25","targetHints":{"allow":["GET"]}}],"collection":[{"href":"https:\/\/netblue.pl\/index.php?rest_route=\/wp\/v2\/pages"}],"about":[{"href":"https:\/\/netblue.pl\/index.php?rest_route=\/wp\/v2\/types\/page"}],"author":[{"embeddable":true,"href":"https:\/\/netblue.pl\/index.php?rest_route=\/wp\/v2\/users\/1"}],"replies":[{"embeddable":true,"href":"https:\/\/netblue.pl\/index.php?rest_route=%2Fwp%2Fv2%2Fcomments&post=25"}],"version-history":[{"count":103,"href":"https:\/\/netblue.pl\/index.php?rest_route=\/wp\/v2\/pages\/25\/revisions"}],"predecessor-version":[{"id":551,"href":"https:\/\/netblue.pl\/index.php?rest_route=\/wp\/v2\/pages\/25\/revisions\/551"}],"up":[{"embeddable":true,"href":"https:\/\/netblue.pl\/index.php?rest_route=\/wp\/v2\/pages\/17"}],"wp:attachment":[{"href":"https:\/\/netblue.pl\/index.php?rest_route=%2Fwp%2Fv2%2Fmedia&parent=25"}],"curies":[{"name":"wp","href":"https:\/\/api.w.org\/{rel}","templated":true}]}}