{"id":20,"date":"2020-11-22T19:37:20","date_gmt":"2020-11-22T18:37:20","guid":{"rendered":"http:\/\/netblue.pl\/?page_id=20"},"modified":"2024-06-04T11:42:52","modified_gmt":"2024-06-04T09:42:52","slug":"internet-swiatlowodowy","status":"publish","type":"page","link":"https:\/\/netblue.pl\/?page_id=20","title":{"rendered":"Internet \u015bwiat\u0142owodowy"},"content":{"rendered":"<p><strong>Dostarczany najnowocze\u015bniejsz\u0105 technologi\u0105! Giga szybko i Mega tanio, od 300Mb\/s do 1Gb\/s.\u00a0<\/strong><\/p>\n<p><!--more--><\/p>\n<h2 class=\"entry-title\">Cennik &#8211; \u0142\u0105cza \u015bwiat\u0142owodowe<\/h2>\n<div class=\"entry-content\">\n<table class=\"tg\">\n<tbody>\n<tr>\n<th class=\"tg-oksl\">Pakiet<\/th>\n<th class=\"tg-oksl\">Pr\u0119dko\u015b\u0107<BR> \u015bci\u0105gania\/wysy\u0142ania<\/th>\n<th class=\"tg-oksl\">Aktywacja<\/th>\n<th class=\"tg-oksl\">Abonament miesi\u0119czny<\/th>\n<\/tr>\n<tr>\n<td class=\"tg-s6z2\">Blue Fiber 300<\/td>\n<td class=\"tg-s6z2\">300\/150 Mb\/s<\/td>\n<td class=\"tg-s6z2\"><strong>0,00z\u0142<\/strong><\/td>\n<td class=\"tg-s6z2\"><strong>69z\u0142<\/strong><\/td>\n<\/tr>\n<tr>\n<td class=\"tg-oksl\">Blue Fiber 600<\/td>\n<td class=\"tg-oksl\">600\/300 Mb\/s<\/td>\n<td class=\"tg-oksl\"><strong>0,00z\u0142<\/strong><\/td>\n<td class=\"tg-oksl\"><strong>79z\u0142<\/strong><\/td>\n<\/tr>\n<td class=\"tg-s6z2\">Blue Fiber 1000<\/td>\n<td class=\"tg-s6z2\">1000\/500 Mb\/s<\/td>\n<td class=\"tg-s6z2\"><strong>0,00z\u0142<\/strong><\/td>\n<td class=\"tg-s6z2\"><strong>99z\u0142<\/strong><\/td>\n<\/tr>\n<\/tbody>\n<\/table>\n<p>Umowa na 24mc. Router WiFi AC1300 2,4 \/ 5GHz w cenie abonamentu.<br \/>\nSta\u0142y adres zewn\u0119trzny IPv4: 15z\u0142(miesi\u0119cznie).<br \/>\nCennik obowi\u0105zuje od 2024-06-01.<\/p>\n<\/div>\n","protected":false},"excerpt":{"rendered":"<p>Dostarczany najnowocze\u015bniejsz\u0105 technologi\u0105! Giga szybko i Mega tanio, od 300Mb\/s do 1Gb\/s.\u00a0<\/p>\n","protected":false},"author":1,"featured_media":0,"parent":17,"menu_order":0,"comment_status":"closed","ping_status":"closed","template":"","meta":{"footnotes":""},"class_list":["post-20","page","type-page","status-publish","hentry"],"_links":{"self":[{"href":"https:\/\/netblue.pl\/index.php?rest_route=\/wp\/v2\/pages\/20","targetHints":{"allow":["GET"]}}],"collection":[{"href":"https:\/\/netblue.pl\/index.php?rest_route=\/wp\/v2\/pages"}],"about":[{"href":"https:\/\/netblue.pl\/index.php?rest_route=\/wp\/v2\/types\/page"}],"author":[{"embeddable":true,"href":"https:\/\/netblue.pl\/index.php?rest_route=\/wp\/v2\/users\/1"}],"replies":[{"embeddable":true,"href":"https:\/\/netblue.pl\/index.php?rest_route=%2Fwp%2Fv2%2Fcomments&post=20"}],"version-history":[{"count":77,"href":"https:\/\/netblue.pl\/index.php?rest_route=\/wp\/v2\/pages\/20\/revisions"}],"predecessor-version":[{"id":506,"href":"https:\/\/netblue.pl\/index.php?rest_route=\/wp\/v2\/pages\/20\/revisions\/506"}],"up":[{"embeddable":true,"href":"https:\/\/netblue.pl\/index.php?rest_route=\/wp\/v2\/pages\/17"}],"wp:attachment":[{"href":"https:\/\/netblue.pl\/index.php?rest_route=%2Fwp%2Fv2%2Fmedia&parent=20"}],"curies":[{"name":"wp","href":"https:\/\/api.w.org\/{rel}","templated":true}]}}